{"id":2612,"date":"2013-10-23T10:00:30","date_gmt":"2013-10-23T10:00:30","guid":{"rendered":"http:\/\/www.smartdeco.es\/en\/?page_id=2612"},"modified":"2016-02-07T23:03:44","modified_gmt":"2016-02-07T23:03:44","slug":"portfolio-events","status":"publish","type":"page","link":"https:\/\/smartdeco.es\/en\/portfolio-events\/","title":{"rendered":"Portfolio \/\/ Events"},"content":{"rendered":"<div class=\"one-third first\">\n<h6><a href=\"https:\/\/smartdeco.es\/en\/trabajos\/portfolio-gabinete-de-prensa-online-y-offline\/\">Featured Press<\/a><\/h6>\n<p><a href=\"https:\/\/smartdeco.es\/en\/trabajos\/portfolio-gabinete-de-prensa-online-y-offline\/\"><img loading=\"lazy\" decoding=\"async\" class=\"alignnone wp-image-1928 size-medium\" src=\"https:\/\/smartdeco.es\/wp-content\/uploads\/gabinete-prensa--300x151.jpg\" alt=\"Apariciones en prensa\" width=\"300\" height=\"151\" \/><\/a><\/p>\n<\/div>\n<div class=\"one-third\">\n<h6><a href=\"https:\/\/smartdeco.es\/en\/trabajos\/porfolio-comunicacion-con-profesionales-y-prescriptores\/\">Professionals Communication<\/a><\/h6>\n<p><a href=\"https:\/\/smartdeco.es\/en\/trabajos\/porfolio-comunicacion-con-profesionales-y-prescriptores\/\"><img loading=\"lazy\" decoding=\"async\" class=\"alignnone wp-image-1861 size-medium\" title=\"Professionals Communication\" src=\"https:\/\/smartdeco.es\/wp-content\/uploads\/comunicacion-periodistas-300x150.jpg\" alt=\"Professionals Communication\" width=\"300\" height=\"150\" \/><\/a><\/p>\n<\/div>\n<div class=\"one-third\">\n<h6><span style=\"color: #e92823;\">Events<\/span><\/h6>\n<p><img loading=\"lazy\" decoding=\"async\" class=\"alignnone wp-image-1921 size-medium\" title=\"Events \" src=\"https:\/\/smartdeco.es\/wp-content\/uploads\/organizacion-eventos1-300x150.jpg\" alt=\"Events \" width=\"300\" height=\"150\" \/><\/p>\n<\/div>\n<div class=\"two-thirds first\">\n<h4>Rave Party Casa Viva<\/h4>\n<div id='gallery-1' class='gallery galleryid-2612 gallery-columns-4 gallery-size-thumbnail'><figure class='gallery-item'>\n\t\t\t<div class='gallery-icon landscape'>\n\t\t\t\t<a href='https:\/\/smartdeco.es\/wp-content\/uploads\/organizacion-de-eventos-valencia-casaviva-smartdeco-2.jpg'><img loading=\"lazy\" decoding=\"async\" width=\"150\" height=\"150\" src=\"https:\/\/smartdeco.es\/wp-content\/uploads\/organizacion-de-eventos-valencia-casaviva-smartdeco-2-150x150.jpg\" class=\"attachment-thumbnail size-thumbnail\" alt=\"\" srcset=\"https:\/\/smartdeco.es\/wp-content\/uploads\/organizacion-de-eventos-valencia-casaviva-smartdeco-2-150x150.jpg 150w, https:\/\/smartdeco.es\/wp-content\/uploads\/organizacion-de-eventos-valencia-casaviva-smartdeco-2-216x217.jpg 216w\" sizes=\"auto, (max-width: 150px) 100vw, 150px\" \/><\/a>\n\t\t\t<\/div><\/figure><figure class='gallery-item'>\n\t\t\t<div class='gallery-icon landscape'>\n\t\t\t\t<a href='https:\/\/smartdeco.es\/wp-content\/uploads\/organizacion-de-eventos-valencia-casaviva-smartdeco-5.jpg'><img loading=\"lazy\" decoding=\"async\" width=\"150\" height=\"150\" src=\"https:\/\/smartdeco.es\/wp-content\/uploads\/organizacion-de-eventos-valencia-casaviva-smartdeco-5-150x150.jpg\" class=\"attachment-thumbnail size-thumbnail\" alt=\"\" \/><\/a>\n\t\t\t<\/div><\/figure><figure class='gallery-item'>\n\t\t\t<div class='gallery-icon landscape'>\n\t\t\t\t<a href='https:\/\/smartdeco.es\/wp-content\/uploads\/organizacion-de-eventos-valencia-casaviva-smartdeco-4.jpg'><img loading=\"lazy\" decoding=\"async\" width=\"150\" height=\"150\" src=\"https:\/\/smartdeco.es\/wp-content\/uploads\/organizacion-de-eventos-valencia-casaviva-smartdeco-4-150x150.jpg\" class=\"attachment-thumbnail size-thumbnail\" alt=\"\" \/><\/a>\n\t\t\t<\/div><\/figure><figure class='gallery-item'>\n\t\t\t<div class='gallery-icon landscape'>\n\t\t\t\t<a href='https:\/\/smartdeco.es\/wp-content\/uploads\/organizacion-de-eventos-valencia-casaviva-smartdeco-3.jpg'><img loading=\"lazy\" decoding=\"async\" width=\"150\" height=\"150\" src=\"https:\/\/smartdeco.es\/wp-content\/uploads\/organizacion-de-eventos-valencia-casaviva-smartdeco-3-150x150.jpg\" class=\"attachment-thumbnail size-thumbnail\" alt=\"\" \/><\/a>\n\t\t\t<\/div><\/figure>\n\t\t<\/div>\n\n<\/div>\n<div class=\"one-third\">\n<div class=\"margin-line\"><\/div>\n<p>Under a bridge in the streets of Valencia, the team and clients of Casa Vivia Magazine tasted the flavours of this unique bohemian party. Inspired in the rave culture, this<strong> festival featured live performers playing music, creating grafitti and dancing<\/strong>, while guests gathered around burning barrils to enjoy &amp; participate of the experience.<\/p>\n<\/div>\n<div class=\"clear-line\"><\/div>\n<div class=\"two-thirds first\">\n<h4>From old to new Party, Barcelona<\/h4>\n<div id='gallery-2' class='gallery galleryid-2612 gallery-columns-4 gallery-size-thumbnail'><figure class='gallery-item'>\n\t\t\t<div class='gallery-icon landscape'>\n\t\t\t\t<a href='https:\/\/smartdeco.es\/wp-content\/uploads\/organizacion-de-eventos-barcelona-casaviva-encantes-1.jpg'><img loading=\"lazy\" decoding=\"async\" width=\"150\" height=\"150\" src=\"https:\/\/smartdeco.es\/wp-content\/uploads\/organizacion-de-eventos-barcelona-casaviva-encantes-1-150x150.jpg\" class=\"attachment-thumbnail size-thumbnail\" alt=\"\" \/><\/a>\n\t\t\t<\/div><\/figure><figure class='gallery-item'>\n\t\t\t<div class='gallery-icon landscape'>\n\t\t\t\t<a href='https:\/\/smartdeco.es\/wp-content\/uploads\/organizacion-de-eventos-barcelona-casaviva-encantes-2.jpg'><img loading=\"lazy\" decoding=\"async\" width=\"150\" height=\"150\" src=\"https:\/\/smartdeco.es\/wp-content\/uploads\/organizacion-de-eventos-barcelona-casaviva-encantes-2-150x150.jpg\" class=\"attachment-thumbnail size-thumbnail\" alt=\"\" \/><\/a>\n\t\t\t<\/div><\/figure><figure class='gallery-item'>\n\t\t\t<div class='gallery-icon landscape'>\n\t\t\t\t<a href='https:\/\/smartdeco.es\/wp-content\/uploads\/organizacion-de-eventos-barcelona-casaviva-encantes-3.jpg'><img loading=\"lazy\" decoding=\"async\" width=\"150\" height=\"150\" src=\"https:\/\/smartdeco.es\/wp-content\/uploads\/organizacion-de-eventos-barcelona-casaviva-encantes-3-150x150.jpg\" class=\"attachment-thumbnail size-thumbnail\" alt=\"\" \/><\/a>\n\t\t\t<\/div><\/figure><figure class='gallery-item'>\n\t\t\t<div class='gallery-icon landscape'>\n\t\t\t\t<a href='https:\/\/smartdeco.es\/wp-content\/uploads\/organizacion-de-eventos-barcelona-casaviva-encantes-4.jpg'><img loading=\"lazy\" decoding=\"async\" width=\"150\" height=\"150\" src=\"https:\/\/smartdeco.es\/wp-content\/uploads\/organizacion-de-eventos-barcelona-casaviva-encantes-4-150x150.jpg\" class=\"attachment-thumbnail size-thumbnail\" alt=\"\" \/><\/a>\n\t\t\t<\/div><\/figure>\n\t\t<\/div>\n\n<\/div>\n<div class=\"one-third\">\n<div class=\"margin-line\"><\/div>\n<p><b>SmartDeco<\/b> was the agency in charge of <b>launching a new Project of designer Francesc Rif\u00e9 <\/b>at the Pi\u00f1a Grau Jewelery shop in <b>Palma de Mallorca<\/b>. Under the heading \u201cA sweet taste of chocolate jewels\u201d we designed an original event that invited the media and general audience to taste \u201ccandy treasures\u201d served as authentic jewelery.<\/p>\n<\/div>\n<div class=\"clear-line\"><\/div>\n<div class=\"two-thirds first\">\n<h4>Inauguraci\u00f3n Joyer\u00eda Pi\u00f1agrau con interiorismo de Francesc RIf\u00e9<\/h4>\n<div id='gallery-3' class='gallery galleryid-2612 gallery-columns-4 gallery-size-thumbnail'><figure class='gallery-item'>\n\t\t\t<div class='gallery-icon landscape'>\n\t\t\t\t<a href='https:\/\/smartdeco.es\/wp-content\/uploads\/smartdeco-organizacion-de-eventos-palma-de-mallorca-pinagrau-1.jpg'><img loading=\"lazy\" decoding=\"async\" width=\"150\" height=\"150\" src=\"https:\/\/smartdeco.es\/wp-content\/uploads\/smartdeco-organizacion-de-eventos-palma-de-mallorca-pinagrau-1-150x150.jpg\" class=\"attachment-thumbnail size-thumbnail\" alt=\"\" \/><\/a>\n\t\t\t<\/div><\/figure><figure class='gallery-item'>\n\t\t\t<div class='gallery-icon landscape'>\n\t\t\t\t<a href='https:\/\/smartdeco.es\/wp-content\/uploads\/smartdeco-organizacion-de-eventos-palma-de-mallorca-pinagrau-2.jpg'><img loading=\"lazy\" decoding=\"async\" width=\"150\" height=\"150\" src=\"https:\/\/smartdeco.es\/wp-content\/uploads\/smartdeco-organizacion-de-eventos-palma-de-mallorca-pinagrau-2-150x150.jpg\" class=\"attachment-thumbnail size-thumbnail\" alt=\"\" \/><\/a>\n\t\t\t<\/div><\/figure><figure class='gallery-item'>\n\t\t\t<div class='gallery-icon landscape'>\n\t\t\t\t<a href='https:\/\/smartdeco.es\/wp-content\/uploads\/smartdeco-organizacion-de-eventos-palma-de-mallorca-pinagrau-3.jpg'><img loading=\"lazy\" decoding=\"async\" width=\"150\" height=\"150\" src=\"https:\/\/smartdeco.es\/wp-content\/uploads\/smartdeco-organizacion-de-eventos-palma-de-mallorca-pinagrau-3-150x150.jpg\" class=\"attachment-thumbnail size-thumbnail\" alt=\"\" \/><\/a>\n\t\t\t<\/div><\/figure><figure class='gallery-item'>\n\t\t\t<div class='gallery-icon landscape'>\n\t\t\t\t<a href='https:\/\/smartdeco.es\/wp-content\/uploads\/smartdeco-organizacion-de-eventos-palma-de-mallorca-pinagrau-4.jpg'><img loading=\"lazy\" decoding=\"async\" width=\"150\" height=\"150\" src=\"https:\/\/smartdeco.es\/wp-content\/uploads\/smartdeco-organizacion-de-eventos-palma-de-mallorca-pinagrau-4-150x150.jpg\" class=\"attachment-thumbnail size-thumbnail\" alt=\"\" \/><\/a>\n\t\t\t<\/div><\/figure><figure class='gallery-item'>\n\t\t\t<div class='gallery-icon portrait'>\n\t\t\t\t<a href='https:\/\/smartdeco.es\/wp-content\/uploads\/smartdeco-organizacion-de-eventos-palma-de-mallorca-pinagrau-5.jpg'><img loading=\"lazy\" decoding=\"async\" width=\"150\" height=\"150\" src=\"https:\/\/smartdeco.es\/wp-content\/uploads\/smartdeco-organizacion-de-eventos-palma-de-mallorca-pinagrau-5-150x150.jpg\" class=\"attachment-thumbnail size-thumbnail\" alt=\"\" \/><\/a>\n\t\t\t<\/div><\/figure>\n\t\t<\/div>\n\n<\/div>\n<div class=\"one-third\">\n<div class=\"margin-line\"><\/div>\n<p>SmartDeco fue la encargada de <b>organizar la inauguraci\u00f3n del nuevo proyecto del interiorista Francesc Rif\u00e9<\/b> en la <b>Joyer\u00eda Pi\u00f1a Grau de Palma de Mallorca<\/b>. Dise\u00f1amos un evento al que fue invitada la prensa y tambi\u00e9n el p\u00fablico general que, bajo el ep\u00edgrafe &#8220;Una dulce cata de joyas de chocolate&#8221;, invitaba a los participantes a probar <b>deliciosos dulces servidos como aut\u00e9nticas joyas.<\/b><\/p>\n<\/div>\n<div class=\"clear-line\"><\/div>\n<div class=\"two-thirds first\">\n<h4>The 500 drums nearby Party Casa Viva<\/h4>\n<div id='gallery-4' class='gallery galleryid-2612 gallery-columns-4 gallery-size-thumbnail'><figure class='gallery-item'>\n\t\t\t<div class='gallery-icon landscape'>\n\t\t\t\t<a href='https:\/\/smartdeco.es\/wp-content\/uploads\/organizacion-de-eventos-valencia-casaviva-tam-1.jpg'><img loading=\"lazy\" decoding=\"async\" width=\"150\" height=\"150\" src=\"https:\/\/smartdeco.es\/wp-content\/uploads\/organizacion-de-eventos-valencia-casaviva-tam-1-150x150.jpg\" class=\"attachment-thumbnail size-thumbnail\" alt=\"\" \/><\/a>\n\t\t\t<\/div><\/figure><figure class='gallery-item'>\n\t\t\t<div class='gallery-icon landscape'>\n\t\t\t\t<a href='https:\/\/smartdeco.es\/wp-content\/uploads\/organizacion-de-eventos-valencia-casaviva-tam-2.jpg'><img loading=\"lazy\" decoding=\"async\" width=\"150\" height=\"150\" src=\"https:\/\/smartdeco.es\/wp-content\/uploads\/organizacion-de-eventos-valencia-casaviva-tam-2-150x150.jpg\" class=\"attachment-thumbnail size-thumbnail\" alt=\"\" \/><\/a>\n\t\t\t<\/div><\/figure><figure class='gallery-item'>\n\t\t\t<div class='gallery-icon landscape'>\n\t\t\t\t<a href='https:\/\/smartdeco.es\/wp-content\/uploads\/organizacion-de-eventos-valencia-casaviva-tam-3.jpg'><img loading=\"lazy\" decoding=\"async\" width=\"150\" height=\"150\" src=\"https:\/\/smartdeco.es\/wp-content\/uploads\/organizacion-de-eventos-valencia-casaviva-tam-3-150x150.jpg\" class=\"attachment-thumbnail size-thumbnail\" alt=\"\" \/><\/a>\n\t\t\t<\/div><\/figure><figure class='gallery-item'>\n\t\t\t<div class='gallery-icon landscape'>\n\t\t\t\t<a href='https:\/\/smartdeco.es\/wp-content\/uploads\/organizacion-de-eventos-valencia-casaviva-tam-4.jpg'><img loading=\"lazy\" decoding=\"async\" width=\"150\" height=\"150\" src=\"https:\/\/smartdeco.es\/wp-content\/uploads\/organizacion-de-eventos-valencia-casaviva-tam-4-150x150.jpg\" class=\"attachment-thumbnail size-thumbnail\" alt=\"\" \/><\/a>\n\t\t\t<\/div><\/figure><figure class='gallery-item'>\n\t\t\t<div class='gallery-icon landscape'>\n\t\t\t\t<a href='https:\/\/smartdeco.es\/wp-content\/uploads\/organizacion-de-eventos-valencia-casaviva-tam-5.jpg'><img loading=\"lazy\" decoding=\"async\" width=\"150\" height=\"150\" src=\"https:\/\/smartdeco.es\/wp-content\/uploads\/organizacion-de-eventos-valencia-casaviva-tam-5-150x150.jpg\" class=\"attachment-thumbnail size-thumbnail\" alt=\"\" \/><\/a>\n\t\t\t<\/div><\/figure>\n\t\t<\/div>\n\n<\/div>\n<div class=\"one-third\">\n<div class=\"margin-line\"><\/div>\n<p><strong>A drum concert for more than 600 people<\/strong> at the Green Space in Valencia. This event was inspired by the pulse and rhythm of a vibrant corporate team: Casa Viva Magazine.<\/p>\n<\/div>\n<div class=\"clear-line\"><\/div>\n<div class=\"two-thirds first\">\n<h4>100th Issue Party<\/h4>\n<div id='gallery-5' class='gallery galleryid-2612 gallery-columns-4 gallery-size-thumbnail'><figure class='gallery-item'>\n\t\t\t<div class='gallery-icon landscape'>\n\t\t\t\t<a href='https:\/\/smartdeco.es\/wp-content\/uploads\/organizacion-de-eventos-fiesta-barcelona-casa-viva-1.jpg'><img loading=\"lazy\" decoding=\"async\" width=\"150\" height=\"150\" src=\"https:\/\/smartdeco.es\/wp-content\/uploads\/organizacion-de-eventos-fiesta-barcelona-casa-viva-1-150x150.jpg\" class=\"attachment-thumbnail size-thumbnail\" alt=\"\" \/><\/a>\n\t\t\t<\/div><\/figure><figure class='gallery-item'>\n\t\t\t<div class='gallery-icon landscape'>\n\t\t\t\t<a href='https:\/\/smartdeco.es\/wp-content\/uploads\/organizacion-de-eventos-fiesta-barcelona-casa-viva-2.jpg'><img loading=\"lazy\" decoding=\"async\" width=\"150\" height=\"150\" src=\"https:\/\/smartdeco.es\/wp-content\/uploads\/organizacion-de-eventos-fiesta-barcelona-casa-viva-2-150x150.jpg\" class=\"attachment-thumbnail size-thumbnail\" alt=\"\" \/><\/a>\n\t\t\t<\/div><\/figure><figure class='gallery-item'>\n\t\t\t<div class='gallery-icon landscape'>\n\t\t\t\t<a href='https:\/\/smartdeco.es\/wp-content\/uploads\/organizacion-de-eventos-fiesta-barcelona-casa-viva-3.jpg'><img loading=\"lazy\" decoding=\"async\" width=\"150\" height=\"150\" src=\"https:\/\/smartdeco.es\/wp-content\/uploads\/organizacion-de-eventos-fiesta-barcelona-casa-viva-3-150x150.jpg\" class=\"attachment-thumbnail size-thumbnail\" alt=\"\" \/><\/a>\n\t\t\t<\/div><\/figure>\n\t\t<\/div>\n\n<\/div>\n<div class=\"one-third\">\n<div class=\"margin-line\"><\/div>\n<p>To celebrate the <b>100th issue<\/b> of the Official Casa Viva Magazine, we organized a traditional rendez vous at La Paloma, Barcelona, inviting a selected group of media, interior designers and clients.<\/p>\n<\/div>\n","protected":false},"excerpt":{"rendered":"<p>Featured Press Professionals Communication Events Rave Party Casa Viva Under a bridge in the streets of Valencia, the team and clients of Casa Vivia Magazine tasted the flavours of this unique bohemian party. Inspired in the rave culture, this festival featured live performers playing music, creating grafitti and dancing, while guests gathered around burning barrils [&hellip;]<\/p>\n","protected":false},"author":7,"featured_media":0,"parent":0,"menu_order":0,"comment_status":"open","ping_status":"open","template":"","meta":{"_genesis_hide_title":false,"_genesis_hide_breadcrumbs":false,"_genesis_hide_singular_image":false,"_genesis_hide_footer_widgets":false,"_genesis_custom_body_class":"","_genesis_custom_post_class":"","_genesis_layout":"full-width-content","footnotes":""},"class_list":{"0":"post-2612","1":"page","2":"type-page","3":"status-publish","5":"entry","6":"has-post-thumbnail"},"_links":{"self":[{"href":"https:\/\/smartdeco.es\/en\/wp-json\/wp\/v2\/pages\/2612","targetHints":{"allow":["GET"]}}],"collection":[{"href":"https:\/\/smartdeco.es\/en\/wp-json\/wp\/v2\/pages"}],"about":[{"href":"https:\/\/smartdeco.es\/en\/wp-json\/wp\/v2\/types\/page"}],"author":[{"embeddable":true,"href":"https:\/\/smartdeco.es\/en\/wp-json\/wp\/v2\/users\/7"}],"replies":[{"embeddable":true,"href":"https:\/\/smartdeco.es\/en\/wp-json\/wp\/v2\/comments?post=2612"}],"version-history":[{"count":0,"href":"https:\/\/smartdeco.es\/en\/wp-json\/wp\/v2\/pages\/2612\/revisions"}],"wp:attachment":[{"href":"https:\/\/smartdeco.es\/en\/wp-json\/wp\/v2\/media?parent=2612"}],"curies":[{"name":"wp","href":"https:\/\/api.w.org\/{rel}","templated":true}]}}