{"id":2623,"date":"2013-09-18T15:10:06","date_gmt":"2013-09-18T13:10:06","guid":{"rendered":"http:\/\/www.smartdeco.es\/en\/?page_id=2623"},"modified":"2025-03-20T15:01:04","modified_gmt":"2025-03-20T14:01:04","slug":"contact","status":"publish","type":"page","link":"https:\/\/smartdeco.es\/en\/contact\/","title":{"rendered":"Contact"},"content":{"rendered":"<div class=\"center\">\n<h1>Send us a message<\/h1>\n\n<div class=\"wpcf7 no-js\" id=\"wpcf7-f1653-o1\" lang=\"es-ES\" dir=\"ltr\" data-wpcf7-id=\"1653\">\n<div class=\"screen-reader-response\"><p role=\"status\" aria-live=\"polite\" aria-atomic=\"true\"><\/p> <ul><\/ul><\/div>\n<form action=\"\/en\/wp-json\/wp\/v2\/pages\/2623#wpcf7-f1653-o1\" method=\"post\" class=\"wpcf7-form init\" aria-label=\"Formulario de contacto\" novalidate=\"novalidate\" data-status=\"init\">\n<fieldset class=\"hidden-fields-container\"><input type=\"hidden\" name=\"_wpcf7\" value=\"1653\" \/><input type=\"hidden\" name=\"_wpcf7_version\" value=\"6.1.5\" \/><input type=\"hidden\" name=\"_wpcf7_locale\" value=\"es_ES\" \/><input type=\"hidden\" name=\"_wpcf7_unit_tag\" value=\"wpcf7-f1653-o1\" \/><input type=\"hidden\" name=\"_wpcf7_container_post\" value=\"0\" \/><input type=\"hidden\" name=\"_wpcf7_posted_data_hash\" value=\"\" \/>\n<\/fieldset>\n\n<p><span class=\"wpcf7-form-control-wrap\" data-name=\"your-message\"><textarea cols=\"40\" rows=\"10\" maxlength=\"2000\" class=\"wpcf7-form-control wpcf7-textarea\" aria-invalid=\"false\" placeholder=\"Message\" name=\"your-message\"><\/textarea><\/span>\n<\/p>\n<div class=\"one-half first\">\n\t<p><span class=\"wpcf7-form-control-wrap\" data-name=\"your-name\"><input size=\"40\" maxlength=\"400\" class=\"wpcf7-form-control wpcf7-text wpcf7-validates-as-required\" aria-required=\"true\" aria-invalid=\"false\" placeholder=\"Name*\" value=\"\" type=\"text\" name=\"your-name\" \/><\/span>\n\t<\/p>\n\t<p><span class=\"wpcf7-form-control-wrap\" data-name=\"your-email\"><input size=\"40\" maxlength=\"400\" class=\"wpcf7-form-control wpcf7-email wpcf7-validates-as-required wpcf7-text wpcf7-validates-as-email\" aria-required=\"true\" aria-invalid=\"false\" placeholder=\"Email*\" value=\"\" type=\"email\" name=\"your-email\" \/><\/span>\n\t<\/p>\n\t<p>Fields marked with * are mandatory\n\t<\/p>\n<\/div>\n<div class=\"one-half\">\n\t<p><span class=\"wpcf7-form-control-wrap\" data-name=\"Company\"><input size=\"40\" maxlength=\"400\" class=\"wpcf7-form-control wpcf7-text\" aria-invalid=\"false\" placeholder=\"Company\" value=\"\" type=\"text\" name=\"Company\" \/><\/span>\n\t<\/p>\n\t<p><span class=\"wpcf7-form-control-wrap\" data-name=\"tel-525\"><input size=\"40\" maxlength=\"400\" class=\"wpcf7-form-control wpcf7-tel wpcf7-text wpcf7-validates-as-tel\" aria-invalid=\"false\" placeholder=\"Phone number*\" value=\"\" type=\"tel\" name=\"tel-525\" \/><\/span>\n\t<\/p>\n\t<p><span class=\"wpcf7-form-control-wrap\" data-name=\"acceptance-896\"><span class=\"wpcf7-form-control wpcf7-acceptance\"><span class=\"wpcf7-list-item\"><label><input type=\"checkbox\" name=\"acceptance-896\" value=\"1\" aria-invalid=\"false\" \/><span class=\"wpcf7-list-item-label\">The user gives his express consent to process personal data and agrees with the provisions of the Basic Data Protection Information.<\/span><\/label><\/span><\/span><\/span>\n\t<\/p>\n\t<p><input class=\"wpcf7-form-control wpcf7-submit has-spinner\" type=\"submit\" value=\"Send\" \/>\n\t<\/p>\n<\/div>\n<div class=\"clear\">\n<\/div><p style=\"display: none !important;\" class=\"akismet-fields-container\" data-prefix=\"_wpcf7_ak_\"><label>&#916;<textarea name=\"_wpcf7_ak_hp_textarea\" cols=\"45\" rows=\"8\" maxlength=\"100\"><\/textarea><\/label><input type=\"hidden\" id=\"ak_js_1\" name=\"_wpcf7_ak_js\" value=\"77\"\/><script>document.getElementById( \"ak_js_1\" ).setAttribute( \"value\", ( new Date() ).getTime() );<\/script><\/p><div class=\"wpcf7-response-output\" aria-hidden=\"true\"><\/div>\n<\/form>\n<\/div>\n\n<\/div>\n<div class=\"clear\"><\/div>\n<div class=\"two-thirds first\">\n<h4>SmartDeco. Communication for Design and Decoration<\/h4>\n<p>SmartDeco is a <b>Communications Boutique Agency<\/b>, specialized in <b>design and decoration<\/b>. Our <b>experience, love for what we do and partnership with media and professionals of the industry highlight our work. Designing, building, and managing successful brands require a great deal of creativity, in-depth analysis, exceptional insights and a highly focused <b>communications strategy<\/b>.<\/b><\/p>\n<p>SmartDeco has office in Barcelona.<\/p>\n<p><b>Barcelona<\/b> Carrer del Rossell\u00f3, 280 local, 08037 Barcelona. T. +34 93 363 32 60<br \/>\n<a href=\"mailto:info@smartdeco.es?Subject=Hola%20\" target=\"_top\" rel=\"noopener noreferrer\">info@smartdeco.es<\/a><\/p>\n<\/div>\n<div class=\"one-third\">\n<h4>Legal notice<\/h4>\n<p style=\"text-align: justify;\">En cumplimiento de la normativa legal vigente en materia de protecci\u00f3n de datos personales, se le informa que El Responsable del Tratamiento de sus datos personales es SMARTDECO SL. La Finalidad del tratamiento es la gesti\u00f3n formativa, administrativa y la inherente a los tratamientos efectuados en una empresa de comunicaci\u00f3n. La Legitimaci\u00f3n es de car\u00e1cter contractual o consentimiento. Los datos tratados se incorporan a un Registro de Actividades de Tratamientos dotado de medidas de seguridad. No se ceder\u00e1n los datos a terceros, ni usados para otras finalidades. Puede ejercer sus Derechos a acceder, rectificar, oponerse, limitar, portar y suprimir los datos, as\u00ed como otros derechos explicados en la Informaci\u00f3n adicional, visitando:<br \/>\nhttps:\/\/smartdeco.es\/protecciondatos.<br \/>\nPuede contactar en cualquier momento con el Delegado de Protecci\u00f3n de datos en dpd@smartdeco.es, o escribir a Agust\u00ed Font, 18. CP, 08035 de Barcelona.<\/p>\n<\/div>\n<div class=\"clear\"><\/div>\n","protected":false},"excerpt":{"rendered":"<p>Send us a message SmartDeco. Communication for Design and Decoration SmartDeco is a Communications Boutique Agency, specialized in design and decoration. Our experience, love for what we do and partnership with media and professionals of the industry highlight our work. Designing, building, and managing successful brands require a great deal of creativity, in-depth analysis, exceptional [&hellip;]<\/p>\n","protected":false},"author":7,"featured_media":0,"parent":0,"menu_order":0,"comment_status":"open","ping_status":"open","template":"","meta":{"_genesis_hide_title":false,"_genesis_hide_breadcrumbs":false,"_genesis_hide_singular_image":false,"_genesis_hide_footer_widgets":false,"_genesis_custom_body_class":"","_genesis_custom_post_class":"","_genesis_layout":"full-width-content","footnotes":""},"class_list":{"0":"post-2623","1":"page","2":"type-page","3":"status-publish","5":"entry"},"_links":{"self":[{"href":"https:\/\/smartdeco.es\/en\/wp-json\/wp\/v2\/pages\/2623","targetHints":{"allow":["GET"]}}],"collection":[{"href":"https:\/\/smartdeco.es\/en\/wp-json\/wp\/v2\/pages"}],"about":[{"href":"https:\/\/smartdeco.es\/en\/wp-json\/wp\/v2\/types\/page"}],"author":[{"embeddable":true,"href":"https:\/\/smartdeco.es\/en\/wp-json\/wp\/v2\/users\/7"}],"replies":[{"embeddable":true,"href":"https:\/\/smartdeco.es\/en\/wp-json\/wp\/v2\/comments?post=2623"}],"version-history":[{"count":3,"href":"https:\/\/smartdeco.es\/en\/wp-json\/wp\/v2\/pages\/2623\/revisions"}],"predecessor-version":[{"id":10329,"href":"https:\/\/smartdeco.es\/en\/wp-json\/wp\/v2\/pages\/2623\/revisions\/10329"}],"wp:attachment":[{"href":"https:\/\/smartdeco.es\/en\/wp-json\/wp\/v2\/media?parent=2623"}],"curies":[{"name":"wp","href":"https:\/\/api.w.org\/{rel}","templated":true}]}}