{"id":2656,"date":"2015-08-04T17:18:57","date_gmt":"2015-08-04T15:18:57","guid":{"rendered":"http:\/\/www.smartdeco.es\/en\/?page_id=2656"},"modified":"2025-03-09T22:15:58","modified_gmt":"2025-03-09T21:15:58","slug":"presentacion-marca-baladia-deco","status":"publish","type":"page","link":"https:\/\/smartdeco.es\/en\/presentacion-marca-baladia-deco\/","title":{"rendered":"Presentaci\u00f3n marca Balad\u00eda Deco"},"content":{"rendered":"\n<p>&nbsp;<\/p>\n<div class=\"two-thirds first\">\n<p><b>SmartDeco<\/b> was the agency in charge of <b>launching the Balad\u00eda Deco<\/b> brand for <b>specialized media and professionals<\/b>. For the ocassion,&nbsp; we chose the Metr\u00f3nom, an artistic space with a <b>minimalist staging design<\/b> to showcase their products, creating an <b>art gallery atmosphere.<\/b><\/p>\n<p>42 exquisite pieces of decoration placed on white bases, beside two phrases:<br \/>\n<i>Feelings understand about shapes and materials.<\/i><br \/>\n<i>Art does not provide function to its pieces, but we can feel them essential in our eyes.<\/i>\n<\/div>\n<div class=\"one-third border-wrap\">\n<blockquote><p>\nSmartDeco encontr\u00f3 el equilibrio perfecto entre arte y decoraci\u00f3n en un espacio que parec\u00eda hecho para la ocasi\u00f3n<br \/>\n<cite>Cristina Fust\u00e9, directora comercial de Balad\u00eda Deco<\/cite><\/p><\/blockquote>\n<\/div>\n<div class=\"clear-line\"><\/div>\n<div class=\"one-third first shadow\"><a href=\"https:\/\/smartdeco.es\/en\/portfolio-item-fiesta-rave-casa-viva\/\"><img decoding=\"async\" src=\"https:\/\/smartdeco.es\/wp-content\/uploads\/\/organizacion-de-eventos-valencia-casaviva-smartdeco-1-300x161.jpg\" alt=\"Event \u2018Rave\u2019 Casa Viva\" class=\"alignnone\" title=\"Event \u2018Rave\u2019 Casa Viva\"><\/a><\/p>\n<h6><a href=\"https:\/\/smartdeco.es\/en\/portfolio-item-fiesta-rave-casa-viva\/\">\u2018Rave\u2019 Casa Viva<br \/>event<\/a><\/h6>\n<p>Event management<\/p>\n<\/div>\n<div class=\"one-third shadow\"><a href=\"https:\/\/smartdeco.es\/en\/portfolio-item-un-mundo-sin-o2-bruguer\/\"><img decoding=\"async\" src=\"https:\/\/smartdeco.es\/wp-content\/uploads\/\/organizacion-de-eventos-barcelona-bruguer-oxigeno-11-300x161.jpg\" alt=\"A World without Oxygen by Bruguer\" class=\"alignnone\" title=\"A World without Oxygen by Bruguer\"><\/a><\/p>\n<h6><a href=\"https:\/\/smartdeco.es\/portfolio-item-un-mundo-sin-o2-bruguer\/\">A World without Oxygen by Bruguer<br \/>event<\/a><\/h6>\n<p>Event management<\/p>\n<\/div>\n<div class=\"one-third shadow\"><a href=\"https:\/\/smartdeco.es\/en\/portfolio-item-suenos-de-papel-evento-para-casa-viva\/\"><img decoding=\"async\" src=\"https:\/\/smartdeco.es\/wp-content\/uploads\/\/evento-diseno-decoracion-casa-viva-300x161.jpg\" alt=\"Event \u2018Sue\u00f1os de papel\u2019 Casa Viva\" class=\"alignnone\" title=\"Event \u2018Sue\u00f1os de papel\u2019 Casa Viva\"><\/a><\/p>\n<h6><a href=\"https:\/\/smartdeco.es\/portfolio-item-suenos-de-papel-evento-para-casa-viva\/\">\u2018Sue\u00f1os de papel\u2019 Casa Viva<br \/>event<\/a><\/h6>\n<p>Event management<\/p>\n<\/div>\n","protected":false},"excerpt":{"rendered":"<p>&nbsp; SmartDeco was the agency in charge of launching the Balad\u00eda Deco brand for specialized media and professionals. For the ocassion,&nbsp; we chose the Metr\u00f3nom, an artistic space with a minimalist staging design to showcase their products, creating an art gallery atmosphere. 42 exquisite pieces of decoration placed on white bases, beside two phrases: Feelings [&hellip;]<\/p>\n","protected":false},"author":7,"featured_media":0,"parent":0,"menu_order":0,"comment_status":"closed","ping_status":"closed","template":"","meta":{"_genesis_hide_title":false,"_genesis_hide_breadcrumbs":false,"_genesis_hide_singular_image":false,"_genesis_hide_footer_widgets":false,"_genesis_custom_body_class":"","_genesis_custom_post_class":"","_genesis_layout":"full-width-content","footnotes":""},"class_list":{"0":"post-2656","1":"page","2":"type-page","3":"status-publish","5":"entry","6":"has-post-thumbnail"},"_links":{"self":[{"href":"https:\/\/smartdeco.es\/en\/wp-json\/wp\/v2\/pages\/2656","targetHints":{"allow":["GET"]}}],"collection":[{"href":"https:\/\/smartdeco.es\/en\/wp-json\/wp\/v2\/pages"}],"about":[{"href":"https:\/\/smartdeco.es\/en\/wp-json\/wp\/v2\/types\/page"}],"author":[{"embeddable":true,"href":"https:\/\/smartdeco.es\/en\/wp-json\/wp\/v2\/users\/7"}],"replies":[{"embeddable":true,"href":"https:\/\/smartdeco.es\/en\/wp-json\/wp\/v2\/comments?post=2656"}],"version-history":[{"count":1,"href":"https:\/\/smartdeco.es\/en\/wp-json\/wp\/v2\/pages\/2656\/revisions"}],"predecessor-version":[{"id":10284,"href":"https:\/\/smartdeco.es\/en\/wp-json\/wp\/v2\/pages\/2656\/revisions\/10284"}],"wp:attachment":[{"href":"https:\/\/smartdeco.es\/en\/wp-json\/wp\/v2\/media?parent=2656"}],"curies":[{"name":"wp","href":"https:\/\/api.w.org\/{rel}","templated":true}]}}